{"id":12515,"date":"2018-12-03T19:56:02","date_gmt":"2018-12-03T18:56:02","guid":{"rendered":"https:\/\/dunesdeserts.com\/?page_id=12515"},"modified":"2025-05-07T16:11:30","modified_gmt":"2025-05-07T15:11:30","slug":"gift-cards","status":"publish","type":"page","link":"https:\/\/dunesdeserts.com\/en\/gift-cards\/","title":{"rendered":"Gift Cards"},"content":{"rendered":"<p>Parce que nous croyons que les exp\u00e9riences forgent qui nous sommes, nous pensons \u00e9galement qu\u2019ils peuvent constituer de super cadeaux.<br \/>\nPour No\u00ebl, pour un anniversaire ou pour une occasion sp\u00e9ciale, il est maintenant facile d\u2019offrir une activit\u00e9 Dunes &amp; Desert \u00e0 un proche avec les cartes-cadeaux.<\/p>\n<p>Trois valeurs disponibles : 20\u20ac, 50\u20ac ou 100\u20ac.<\/p>\n<p>L\u2019heureux \u00e9lu recevra un code \u00ab Bon d\u2019achat \u00bb par email avec un petit message \u00e9crit par vos soins. Il pourra ensuite consommer quand il le voudra pour r\u00e9server l\u2019aventure qui lui pla\u00eet le plus. Il suffit juste qu\u2019elle soit disponible en ligne sur le site web de <a href=\"http:\/\/www.dunesdesert.com\">Dunes &amp; Desert<\/a> !<br \/>\nEnsuite, au moment de r\u00e9server, il faudra seulement saisir le code cadeau afin de profiter de la valeur de la carte cadeau.<br \/>\nSi l\u2019aventure choisie est plus ch\u00e8re que la valeur de la carte cadeau, il restera seulement \u00e0 r\u00e9gler la diff\u00e9rence. Si l\u2019aventure choisie est moins ch\u00e8re, le code cadeau restera valable et pourra \u00eatre appliqu\u00e9 sur une deuxi\u00e8me aventure.<\/p>\n<p>Si vous ne savez pas quelle activit\u00e9 offrir ou encore si vous ne connaissez pas la date exacte qui conviendrait, cette option est la meilleure solution !<\/p>\n<p><em>*Les cartes cadeau sont valables jusqu\u2019\u00e0 6 mois apr\u00e8s l\u2019achat.<\/em><\/p>\n","protected":false},"excerpt":{"rendered":"<p>Parce que nous croyons que les exp\u00e9riences forgent qui nous sommes, nous pensons \u00e9galement qu\u2019ils peuvent constituer de super cadeaux. Pour No\u00ebl, pour un anniversaire ou pour une occasion sp\u00e9ciale, il est maintenant facile d\u2019offrir une activit\u00e9 Dunes &amp; Desert \u00e0 un proche avec les cartes-cadeaux. Trois valeurs disponibles : 20\u20ac, 50\u20ac ou 100\u20ac. L\u2019heureux [&hellip;]<\/p>\n","protected":false},"author":117,"featured_media":0,"parent":0,"menu_order":0,"comment_status":"closed","ping_status":"closed","template":"","meta":{"footnotes":""},"class_list":["post-12515","page","type-page","status-publish","hentry"],"yoast_head":"<!-- This site is optimized with the Yoast SEO plugin v26.4 - https:\/\/yoast.com\/wordpress\/plugins\/seo\/ -->\n<title>Gift Cards<\/title>\n<meta name=\"robots\" content=\"index, follow, max-snippet:-1, max-image-preview:large, max-video-preview:-1\" \/>\n<link rel=\"canonical\" href=\"https:\/\/dunesdeserts.com\/en\/gift-cards\/\" \/>\n<meta property=\"og:locale\" content=\"en_US\" \/>\n<meta property=\"og:type\" content=\"article\" \/>\n<meta property=\"og:title\" content=\"Gift Cards\" \/>\n<meta property=\"og:description\" content=\"Parce que nous croyons que les exp\u00e9riences forgent qui nous sommes, nous pensons \u00e9galement qu\u2019ils peuvent constituer de super cadeaux. Pour No\u00ebl, pour un anniversaire ou pour une occasion sp\u00e9ciale, il est maintenant facile d\u2019offrir une activit\u00e9 Dunes &amp; Desert \u00e0 un proche avec les cartes-cadeaux. Trois valeurs disponibles : 20\u20ac, 50\u20ac ou 100\u20ac. L\u2019heureux [&hellip;]\" \/>\n<meta property=\"og:url\" content=\"https:\/\/dunesdeserts.com\/en\/gift-cards\/\" \/>\n<meta property=\"og:site_name\" content=\"Dunes &amp; Desert\" \/>\n<meta property=\"article:modified_time\" content=\"2025-05-07T15:11:30+00:00\" \/>\n<meta property=\"og:image\" content=\"https:\/\/dunesdeserts.com\/wp-content\/uploads\/2018\/04\/palmerie-facebook.jpg\" \/>\n\t<meta property=\"og:image:width\" content=\"445\" \/>\n\t<meta property=\"og:image:height\" content=\"303\" \/>\n\t<meta property=\"og:image:type\" content=\"image\/jpeg\" \/>\n<meta name=\"twitter:card\" content=\"summary_large_image\" \/>\n<meta name=\"twitter:label1\" content=\"Est. reading time\" \/>\n\t<meta name=\"twitter:data1\" content=\"2 minutes\" \/>\n<script type=\"application\/ld+json\" class=\"yoast-schema-graph\">{\"@context\":\"https:\/\/schema.org\",\"@graph\":[{\"@type\":\"WebPage\",\"@id\":\"https:\/\/dunesdeserts.com\/en\/gift-cards\/\",\"url\":\"https:\/\/dunesdeserts.com\/en\/gift-cards\/\",\"name\":\"Gift Cards\",\"isPartOf\":{\"@id\":\"https:\/\/dunesdeserts.com\/en\/#website\"},\"datePublished\":\"2018-12-03T18:56:02+00:00\",\"dateModified\":\"2025-05-07T15:11:30+00:00\",\"breadcrumb\":{\"@id\":\"https:\/\/dunesdeserts.com\/en\/gift-cards\/#breadcrumb\"},\"inLanguage\":\"en-US\",\"potentialAction\":[{\"@type\":\"ReadAction\",\"target\":[\"https:\/\/dunesdeserts.com\/en\/gift-cards\/\"]}]},{\"@type\":\"BreadcrumbList\",\"@id\":\"https:\/\/dunesdeserts.com\/en\/gift-cards\/#breadcrumb\",\"itemListElement\":[{\"@type\":\"ListItem\",\"position\":1,\"name\":\"Home\",\"item\":\"https:\/\/dunesdeserts.com\/en\/\"},{\"@type\":\"ListItem\",\"position\":2,\"name\":\"Gift Cards\"}]},{\"@type\":\"WebSite\",\"@id\":\"https:\/\/dunesdeserts.com\/en\/#website\",\"url\":\"https:\/\/dunesdeserts.com\/en\/\",\"name\":\"Dunes & Desert\",\"description\":\"Designer d&#039;aventures\",\"publisher\":{\"@id\":\"https:\/\/dunesdeserts.com\/en\/#organization\"},\"potentialAction\":[{\"@type\":\"SearchAction\",\"target\":{\"@type\":\"EntryPoint\",\"urlTemplate\":\"https:\/\/dunesdeserts.com\/en\/?s={search_term_string}\"},\"query-input\":{\"@type\":\"PropertyValueSpecification\",\"valueRequired\":true,\"valueName\":\"search_term_string\"}}],\"inLanguage\":\"en-US\"},{\"@type\":\"Organization\",\"@id\":\"https:\/\/dunesdeserts.com\/en\/#organization\",\"name\":\"Dunes & Desert\",\"url\":\"https:\/\/dunesdeserts.com\/en\/\",\"logo\":{\"@type\":\"ImageObject\",\"inLanguage\":\"en-US\",\"@id\":\"https:\/\/dunesdeserts.com\/en\/#\/schema\/logo\/image\/\",\"url\":\"https:\/\/dunesdeserts.com\/wp-content\/uploads\/2017\/12\/logo-gris-copy.png\",\"contentUrl\":\"https:\/\/dunesdeserts.com\/wp-content\/uploads\/2017\/12\/logo-gris-copy.png\",\"width\":400,\"height\":326,\"caption\":\"Dunes & Desert\"},\"image\":{\"@id\":\"https:\/\/dunesdeserts.com\/en\/#\/schema\/logo\/image\/\"}}]}<\/script>\n<!-- \/ Yoast SEO plugin. -->","yoast_head_json":{"title":"Gift Cards","robots":{"index":"index","follow":"follow","max-snippet":"max-snippet:-1","max-image-preview":"max-image-preview:large","max-video-preview":"max-video-preview:-1"},"canonical":"https:\/\/dunesdeserts.com\/en\/gift-cards\/","og_locale":"en_US","og_type":"article","og_title":"Gift Cards","og_description":"Parce que nous croyons que les exp\u00e9riences forgent qui nous sommes, nous pensons \u00e9galement qu\u2019ils peuvent constituer de super cadeaux. Pour No\u00ebl, pour un anniversaire ou pour une occasion sp\u00e9ciale, il est maintenant facile d\u2019offrir une activit\u00e9 Dunes &amp; Desert \u00e0 un proche avec les cartes-cadeaux. Trois valeurs disponibles : 20\u20ac, 50\u20ac ou 100\u20ac. L\u2019heureux [&hellip;]","og_url":"https:\/\/dunesdeserts.com\/en\/gift-cards\/","og_site_name":"Dunes & Desert","article_modified_time":"2025-05-07T15:11:30+00:00","og_image":[{"width":445,"height":303,"url":"https:\/\/dunesdeserts.com\/wp-content\/uploads\/2018\/04\/palmerie-facebook.jpg","type":"image\/jpeg"}],"twitter_card":"summary_large_image","twitter_misc":{"Est. reading time":"2 minutes"},"schema":{"@context":"https:\/\/schema.org","@graph":[{"@type":"WebPage","@id":"https:\/\/dunesdeserts.com\/en\/gift-cards\/","url":"https:\/\/dunesdeserts.com\/en\/gift-cards\/","name":"Gift Cards","isPartOf":{"@id":"https:\/\/dunesdeserts.com\/en\/#website"},"datePublished":"2018-12-03T18:56:02+00:00","dateModified":"2025-05-07T15:11:30+00:00","breadcrumb":{"@id":"https:\/\/dunesdeserts.com\/en\/gift-cards\/#breadcrumb"},"inLanguage":"en-US","potentialAction":[{"@type":"ReadAction","target":["https:\/\/dunesdeserts.com\/en\/gift-cards\/"]}]},{"@type":"BreadcrumbList","@id":"https:\/\/dunesdeserts.com\/en\/gift-cards\/#breadcrumb","itemListElement":[{"@type":"ListItem","position":1,"name":"Home","item":"https:\/\/dunesdeserts.com\/en\/"},{"@type":"ListItem","position":2,"name":"Gift Cards"}]},{"@type":"WebSite","@id":"https:\/\/dunesdeserts.com\/en\/#website","url":"https:\/\/dunesdeserts.com\/en\/","name":"Dunes & Desert","description":"Designer d&#039;aventures","publisher":{"@id":"https:\/\/dunesdeserts.com\/en\/#organization"},"potentialAction":[{"@type":"SearchAction","target":{"@type":"EntryPoint","urlTemplate":"https:\/\/dunesdeserts.com\/en\/?s={search_term_string}"},"query-input":{"@type":"PropertyValueSpecification","valueRequired":true,"valueName":"search_term_string"}}],"inLanguage":"en-US"},{"@type":"Organization","@id":"https:\/\/dunesdeserts.com\/en\/#organization","name":"Dunes & Desert","url":"https:\/\/dunesdeserts.com\/en\/","logo":{"@type":"ImageObject","inLanguage":"en-US","@id":"https:\/\/dunesdeserts.com\/en\/#\/schema\/logo\/image\/","url":"https:\/\/dunesdeserts.com\/wp-content\/uploads\/2017\/12\/logo-gris-copy.png","contentUrl":"https:\/\/dunesdeserts.com\/wp-content\/uploads\/2017\/12\/logo-gris-copy.png","width":400,"height":326,"caption":"Dunes & Desert"},"image":{"@id":"https:\/\/dunesdeserts.com\/en\/#\/schema\/logo\/image\/"}}]}},"_links":{"self":[{"href":"https:\/\/dunesdeserts.com\/en\/wp-json\/wp\/v2\/pages\/12515","targetHints":{"allow":["GET"]}}],"collection":[{"href":"https:\/\/dunesdeserts.com\/en\/wp-json\/wp\/v2\/pages"}],"about":[{"href":"https:\/\/dunesdeserts.com\/en\/wp-json\/wp\/v2\/types\/page"}],"author":[{"embeddable":true,"href":"https:\/\/dunesdeserts.com\/en\/wp-json\/wp\/v2\/users\/117"}],"replies":[{"embeddable":true,"href":"https:\/\/dunesdeserts.com\/en\/wp-json\/wp\/v2\/comments?post=12515"}],"version-history":[{"count":4,"href":"https:\/\/dunesdeserts.com\/en\/wp-json\/wp\/v2\/pages\/12515\/revisions"}],"predecessor-version":[{"id":16807,"href":"https:\/\/dunesdeserts.com\/en\/wp-json\/wp\/v2\/pages\/12515\/revisions\/16807"}],"wp:attachment":[{"href":"https:\/\/dunesdeserts.com\/en\/wp-json\/wp\/v2\/media?parent=12515"}],"curies":[{"name":"wp","href":"https:\/\/api.w.org\/{rel}","templated":true}]}}