{"id":14621,"date":"2020-12-09T10:23:11","date_gmt":"2020-12-09T09:23:11","guid":{"rendered":"https:\/\/dunesdeserts.com\/?page_id=14621"},"modified":"2025-05-23T16:39:06","modified_gmt":"2025-05-23T15:39:06","slug":"covid19-precautions-2","status":"publish","type":"page","link":"https:\/\/dunesdeserts.com\/en\/covid19-precautions-2\/","title":{"rendered":"COVID19 Precautions"},"content":{"rendered":"<p>Parce qu\u2019en cette p\u00e9riode inhabituelle, des mesures inhabituelles doivent \u00eatre prises afin d\u2019assurer l\u2019exp\u00e9rience positive de chacun de nos visiteurs. Dunes &amp; Desert a organis\u00e9 les mesures sanitaires n\u00e9cessaires \u00e0 votre s\u00e9curit\u00e9 :<br \/>\nNombre restreint de personnes dans les v\u00e9hicules au moment du transfert (ou privatisation s&#8217;il y a lieu) afin de ne pas d\u00e9passer 50% de la capacit\u00e9.<\/p>\n<ul>\n<li>Gel hydroalcoolique et masques \u00e0 disposition sur place pour tous les visiteurs qui pourraient en avoir besoin.<\/li>\n<li>Toutes les surfaces des lieux partag\u00e9s sont d\u00e9sinfect\u00e9es avant et apr\u00e8s<br \/>\nchaque session \u00e0 l\u2019aide de d\u00e9tergent afin de limiter la transmission contact.<\/li>\n<li>Les v\u00e9hicules utilis\u00e9s pour les transferts sont d\u00e9sinfect\u00e9s avant et apr\u00e8s chaque session.<\/li>\n<li>Tous nos chauffeurs, guides et accompagnants portent le masque en tout temps.<\/li>\n<li>Toute l\u2019\u00e9quipe est aussi au respect des distances de s\u00e9curit\u00e9 entre eux et entre nos visiteurs.<\/li>\n<\/ul>\n<p>Toute l\u2019\u00e9quipe de Dunes &amp; Desert est heureuse de vous revoir pour partager vos nouveaux moments de vacances au grand air de Marrakech !<\/p>\n","protected":false},"excerpt":{"rendered":"<p>Parce qu\u2019en cette p\u00e9riode inhabituelle, des mesures inhabituelles doivent \u00eatre prises afin d\u2019assurer l\u2019exp\u00e9rience positive de chacun de nos visiteurs. Dunes &amp; Desert a organis\u00e9 les mesures sanitaires n\u00e9cessaires \u00e0 votre s\u00e9curit\u00e9 : Nombre restreint de personnes dans les v\u00e9hicules au moment du transfert (ou privatisation s&#8217;il y a lieu) afin de ne pas d\u00e9passer [&hellip;]<\/p>\n","protected":false},"author":117,"featured_media":0,"parent":0,"menu_order":0,"comment_status":"closed","ping_status":"closed","template":"","meta":{"footnotes":""},"class_list":["post-14621","page","type-page","status-publish","hentry"],"yoast_head":"<!-- This site is optimized with the Yoast SEO plugin v26.4 - https:\/\/yoast.com\/wordpress\/plugins\/seo\/ -->\n<title>COVID19 Precautions<\/title>\n<meta name=\"robots\" content=\"index, follow, max-snippet:-1, max-image-preview:large, max-video-preview:-1\" \/>\n<link rel=\"canonical\" href=\"https:\/\/dunesdeserts.com\/en\/covid19-precautions-2\/\" \/>\n<meta property=\"og:locale\" content=\"en_US\" \/>\n<meta property=\"og:type\" content=\"article\" \/>\n<meta property=\"og:title\" content=\"COVID19 Precautions\" \/>\n<meta property=\"og:description\" content=\"Parce qu\u2019en cette p\u00e9riode inhabituelle, des mesures inhabituelles doivent \u00eatre prises afin d\u2019assurer l\u2019exp\u00e9rience positive de chacun de nos visiteurs. Dunes &amp; Desert a organis\u00e9 les mesures sanitaires n\u00e9cessaires \u00e0 votre s\u00e9curit\u00e9 : Nombre restreint de personnes dans les v\u00e9hicules au moment du transfert (ou privatisation s&#8217;il y a lieu) afin de ne pas d\u00e9passer [&hellip;]\" \/>\n<meta property=\"og:url\" content=\"https:\/\/dunesdeserts.com\/en\/covid19-precautions-2\/\" \/>\n<meta property=\"og:site_name\" content=\"Dunes &amp; Desert\" \/>\n<meta property=\"article:modified_time\" content=\"2025-05-23T15:39:06+00:00\" \/>\n<meta property=\"og:image\" content=\"https:\/\/dunesdeserts.com\/wp-content\/uploads\/2018\/04\/palmerie-facebook.jpg\" \/>\n\t<meta property=\"og:image:width\" content=\"445\" \/>\n\t<meta property=\"og:image:height\" content=\"303\" \/>\n\t<meta property=\"og:image:type\" content=\"image\/jpeg\" \/>\n<meta name=\"twitter:card\" content=\"summary_large_image\" \/>\n<meta name=\"twitter:label1\" content=\"Est. reading time\" \/>\n\t<meta name=\"twitter:data1\" content=\"1 minute\" \/>\n<script type=\"application\/ld+json\" class=\"yoast-schema-graph\">{\"@context\":\"https:\/\/schema.org\",\"@graph\":[{\"@type\":\"WebPage\",\"@id\":\"https:\/\/dunesdeserts.com\/en\/covid19-precautions-2\/\",\"url\":\"https:\/\/dunesdeserts.com\/en\/covid19-precautions-2\/\",\"name\":\"COVID19 Precautions\",\"isPartOf\":{\"@id\":\"https:\/\/dunesdeserts.com\/en\/#website\"},\"datePublished\":\"2020-12-09T09:23:11+00:00\",\"dateModified\":\"2025-05-23T15:39:06+00:00\",\"breadcrumb\":{\"@id\":\"https:\/\/dunesdeserts.com\/en\/covid19-precautions-2\/#breadcrumb\"},\"inLanguage\":\"en-US\",\"potentialAction\":[{\"@type\":\"ReadAction\",\"target\":[\"https:\/\/dunesdeserts.com\/en\/covid19-precautions-2\/\"]}]},{\"@type\":\"BreadcrumbList\",\"@id\":\"https:\/\/dunesdeserts.com\/en\/covid19-precautions-2\/#breadcrumb\",\"itemListElement\":[{\"@type\":\"ListItem\",\"position\":1,\"name\":\"Home\",\"item\":\"https:\/\/dunesdeserts.com\/en\/\"},{\"@type\":\"ListItem\",\"position\":2,\"name\":\"COVID19 Precautions\"}]},{\"@type\":\"WebSite\",\"@id\":\"https:\/\/dunesdeserts.com\/en\/#website\",\"url\":\"https:\/\/dunesdeserts.com\/en\/\",\"name\":\"Dunes & Desert\",\"description\":\"Designer d&#039;aventures\",\"publisher\":{\"@id\":\"https:\/\/dunesdeserts.com\/en\/#organization\"},\"potentialAction\":[{\"@type\":\"SearchAction\",\"target\":{\"@type\":\"EntryPoint\",\"urlTemplate\":\"https:\/\/dunesdeserts.com\/en\/?s={search_term_string}\"},\"query-input\":{\"@type\":\"PropertyValueSpecification\",\"valueRequired\":true,\"valueName\":\"search_term_string\"}}],\"inLanguage\":\"en-US\"},{\"@type\":\"Organization\",\"@id\":\"https:\/\/dunesdeserts.com\/en\/#organization\",\"name\":\"Dunes & Desert\",\"url\":\"https:\/\/dunesdeserts.com\/en\/\",\"logo\":{\"@type\":\"ImageObject\",\"inLanguage\":\"en-US\",\"@id\":\"https:\/\/dunesdeserts.com\/en\/#\/schema\/logo\/image\/\",\"url\":\"https:\/\/dunesdeserts.com\/wp-content\/uploads\/2017\/12\/logo-gris-copy.png\",\"contentUrl\":\"https:\/\/dunesdeserts.com\/wp-content\/uploads\/2017\/12\/logo-gris-copy.png\",\"width\":400,\"height\":326,\"caption\":\"Dunes & Desert\"},\"image\":{\"@id\":\"https:\/\/dunesdeserts.com\/en\/#\/schema\/logo\/image\/\"}}]}<\/script>\n<!-- \/ Yoast SEO plugin. -->","yoast_head_json":{"title":"COVID19 Precautions","robots":{"index":"index","follow":"follow","max-snippet":"max-snippet:-1","max-image-preview":"max-image-preview:large","max-video-preview":"max-video-preview:-1"},"canonical":"https:\/\/dunesdeserts.com\/en\/covid19-precautions-2\/","og_locale":"en_US","og_type":"article","og_title":"COVID19 Precautions","og_description":"Parce qu\u2019en cette p\u00e9riode inhabituelle, des mesures inhabituelles doivent \u00eatre prises afin d\u2019assurer l\u2019exp\u00e9rience positive de chacun de nos visiteurs. Dunes &amp; Desert a organis\u00e9 les mesures sanitaires n\u00e9cessaires \u00e0 votre s\u00e9curit\u00e9 : Nombre restreint de personnes dans les v\u00e9hicules au moment du transfert (ou privatisation s&#8217;il y a lieu) afin de ne pas d\u00e9passer [&hellip;]","og_url":"https:\/\/dunesdeserts.com\/en\/covid19-precautions-2\/","og_site_name":"Dunes & Desert","article_modified_time":"2025-05-23T15:39:06+00:00","og_image":[{"width":445,"height":303,"url":"https:\/\/dunesdeserts.com\/wp-content\/uploads\/2018\/04\/palmerie-facebook.jpg","type":"image\/jpeg"}],"twitter_card":"summary_large_image","twitter_misc":{"Est. reading time":"1 minute"},"schema":{"@context":"https:\/\/schema.org","@graph":[{"@type":"WebPage","@id":"https:\/\/dunesdeserts.com\/en\/covid19-precautions-2\/","url":"https:\/\/dunesdeserts.com\/en\/covid19-precautions-2\/","name":"COVID19 Precautions","isPartOf":{"@id":"https:\/\/dunesdeserts.com\/en\/#website"},"datePublished":"2020-12-09T09:23:11+00:00","dateModified":"2025-05-23T15:39:06+00:00","breadcrumb":{"@id":"https:\/\/dunesdeserts.com\/en\/covid19-precautions-2\/#breadcrumb"},"inLanguage":"en-US","potentialAction":[{"@type":"ReadAction","target":["https:\/\/dunesdeserts.com\/en\/covid19-precautions-2\/"]}]},{"@type":"BreadcrumbList","@id":"https:\/\/dunesdeserts.com\/en\/covid19-precautions-2\/#breadcrumb","itemListElement":[{"@type":"ListItem","position":1,"name":"Home","item":"https:\/\/dunesdeserts.com\/en\/"},{"@type":"ListItem","position":2,"name":"COVID19 Precautions"}]},{"@type":"WebSite","@id":"https:\/\/dunesdeserts.com\/en\/#website","url":"https:\/\/dunesdeserts.com\/en\/","name":"Dunes & Desert","description":"Designer d&#039;aventures","publisher":{"@id":"https:\/\/dunesdeserts.com\/en\/#organization"},"potentialAction":[{"@type":"SearchAction","target":{"@type":"EntryPoint","urlTemplate":"https:\/\/dunesdeserts.com\/en\/?s={search_term_string}"},"query-input":{"@type":"PropertyValueSpecification","valueRequired":true,"valueName":"search_term_string"}}],"inLanguage":"en-US"},{"@type":"Organization","@id":"https:\/\/dunesdeserts.com\/en\/#organization","name":"Dunes & Desert","url":"https:\/\/dunesdeserts.com\/en\/","logo":{"@type":"ImageObject","inLanguage":"en-US","@id":"https:\/\/dunesdeserts.com\/en\/#\/schema\/logo\/image\/","url":"https:\/\/dunesdeserts.com\/wp-content\/uploads\/2017\/12\/logo-gris-copy.png","contentUrl":"https:\/\/dunesdeserts.com\/wp-content\/uploads\/2017\/12\/logo-gris-copy.png","width":400,"height":326,"caption":"Dunes & Desert"},"image":{"@id":"https:\/\/dunesdeserts.com\/en\/#\/schema\/logo\/image\/"}}]}},"_links":{"self":[{"href":"https:\/\/dunesdeserts.com\/en\/wp-json\/wp\/v2\/pages\/14621","targetHints":{"allow":["GET"]}}],"collection":[{"href":"https:\/\/dunesdeserts.com\/en\/wp-json\/wp\/v2\/pages"}],"about":[{"href":"https:\/\/dunesdeserts.com\/en\/wp-json\/wp\/v2\/types\/page"}],"author":[{"embeddable":true,"href":"https:\/\/dunesdeserts.com\/en\/wp-json\/wp\/v2\/users\/117"}],"replies":[{"embeddable":true,"href":"https:\/\/dunesdeserts.com\/en\/wp-json\/wp\/v2\/comments?post=14621"}],"version-history":[{"count":4,"href":"https:\/\/dunesdeserts.com\/en\/wp-json\/wp\/v2\/pages\/14621\/revisions"}],"predecessor-version":[{"id":17073,"href":"https:\/\/dunesdeserts.com\/en\/wp-json\/wp\/v2\/pages\/14621\/revisions\/17073"}],"wp:attachment":[{"href":"https:\/\/dunesdeserts.com\/en\/wp-json\/wp\/v2\/media?parent=14621"}],"curies":[{"name":"wp","href":"https:\/\/api.w.org\/{rel}","templated":true}]}}