{"id":19059,"date":"2026-05-08T11:27:25","date_gmt":"2026-05-08T10:27:25","guid":{"rendered":"https:\/\/dunesdeserts.com\/?post_type=product&#038;p=19059"},"modified":"2026-05-13T11:47:57","modified_gmt":"2026-05-13T10:47:57","slug":"sunset-buggy-camel-combo-in-agafay-desert-w-authentic-dinner","status":"publish","type":"product","link":"https:\/\/dunesdeserts.com\/en\/activity\/sunset-buggy-camel-combo-in-agafay-desert-w-authentic-dinner\/","title":{"rendered":"Sunset Buggy &amp; Camel Combo in Agafay Desert w\/ Authentic Dinner"},"content":{"rendered":"<p>\u00c0 moins d\u2019une heure de <span class=\"hover:entity-accent entity-underline inline cursor-pointer align-baseline\"><span class=\"whitespace-normal\">Marrakech<\/span><\/span>, notre oasis nich\u00e9e au c\u0153ur du d\u00e9sert d\u2019Agafay vous invite \u00e0 vivre une exp\u00e9rience inoubliable. <strong>Profitez d\u2019une excursion en buggy \u00e0 travers les paysages d\u00e9sertiques au coucher du soleil, d\u2019une balade \u00e0 dos de dromadaire dans notre oasis<\/strong>, puis savourez un authentique d\u00eener marocain servi sous une tente traditionnelle.<\/p>\n<p><b>Voir la description compl\u00e8te ci-dessous pour tous les d\u00e9tails.<\/b><\/p>\n<p>&nbsp;<\/p>\n","protected":false},"excerpt":{"rendered":"<p>\u00c0 moins d\u2019une heure de Marrakech, notre oasis nich\u00e9e au c\u0153ur du d\u00e9sert d\u2019Agafay vous invite \u00e0 vivre une exp\u00e9rience inoubliable. Profitez d\u2019une excursion en buggy \u00e0 travers les paysages d\u00e9sertiques au coucher du soleil, d\u2019une balade \u00e0 dos de dromadaire dans notre oasis, puis savourez un authentique d\u00eener marocain servi sous une tente traditionnelle. [&hellip;]<\/p>\n","protected":false},"featured_media":14921,"comment_status":"open","ping_status":"closed","template":"","meta":[],"product_brand":[],"product_cat":[558,278,190,604,570],"product_tag":[433,203,261,421,318,329,574,343],"class_list":{"0":"post-19059","1":"product","2":"type-product","3":"status-publish","4":"has-post-thumbnail","6":"product_cat-agafay-desert","7":"product_cat-buggy-adventures-en","8":"product_cat-camels-en","9":"product_cat-dinners-under-the-stars-in-our-agafay-oasis-dunes-desert-marrakech","10":"product_cat-food","11":"product_tag-activities","12":"product_tag-agafay-en-2","13":"product_tag-buggy-en-3","14":"product_tag-camel","15":"product_tag-desert-en-2","16":"product_tag-marrakech-en-en","17":"product_tag-oasis","18":"product_tag-palm-grove-en","20":"first","21":"instock","22":"shipping-taxable","23":"purchasable","24":"product-type-simple"},"yoast_head":"<!-- This site is optimized with the Yoast SEO plugin v27.6 - https:\/\/yoast.com\/product\/yoast-seo-wordpress\/ -->\n<title>Sunset Buggy &amp; Camel Combo in Agafay Desert w\/ Authentic Dinner - Dunes &amp; Desert<\/title>\n<meta name=\"description\" content=\"A complete adventure awaits you: Sunset Buggy &amp; Camel Combo in Agafay Desert w\/ Authentic Dinner, a delicious traditional Moroccan dinner in a tent.\" \/>\n<meta name=\"robots\" content=\"index, follow, max-snippet:-1, max-image-preview:large, max-video-preview:-1\" \/>\n<link rel=\"canonical\" href=\"https:\/\/dunesdeserts.com\/en\/activity\/sunset-buggy-camel-combo-in-agafay-desert-w-authentic-dinner\/\" \/>\n<meta property=\"og:locale\" content=\"en_US\" \/>\n<meta property=\"og:type\" content=\"article\" \/>\n<meta property=\"og:title\" content=\"Sunset Buggy &amp; Camel Combo in Agafay Desert w\/ Authentic Dinner - Dunes &amp; Desert\" \/>\n<meta property=\"og:description\" content=\"A complete adventure awaits you: Sunset Buggy &amp; Camel Combo in Agafay Desert w\/ Authentic Dinner, a delicious traditional Moroccan dinner in a tent.\" \/>\n<meta property=\"og:url\" content=\"https:\/\/dunesdeserts.com\/en\/activity\/sunset-buggy-camel-combo-in-agafay-desert-w-authentic-dinner\/\" \/>\n<meta property=\"og:site_name\" content=\"Dunes &amp; Desert\" \/>\n<meta property=\"article:modified_time\" content=\"2026-05-13T10:47:57+00:00\" \/>\n<meta property=\"og:image\" content=\"https:\/\/dunesdeserts.com\/wp-content\/uploads\/2024\/02\/BUGGY-1000cc-PHOTO-PRINCIPALE-PRODUIT.jpg\" \/>\n\t<meta property=\"og:image:width\" content=\"1450\" \/>\n\t<meta property=\"og:image:height\" content=\"965\" \/>\n\t<meta property=\"og:image:type\" content=\"image\/jpeg\" \/>\n<meta name=\"twitter:card\" content=\"summary_large_image\" \/>\n<meta name=\"twitter:label1\" content=\"Est. reading time\" \/>\n\t<meta name=\"twitter:data1\" content=\"1 minute\" \/>\n<script type=\"application\/ld+json\" class=\"yoast-schema-graph\">{\"@context\":\"https:\\\/\\\/schema.org\",\"@graph\":[{\"@type\":\"WebPage\",\"@id\":\"https:\\\/\\\/dunesdeserts.com\\\/en\\\/activity\\\/sunset-buggy-camel-combo-in-agafay-desert-w-authentic-dinner\\\/\",\"url\":\"https:\\\/\\\/dunesdeserts.com\\\/en\\\/activity\\\/sunset-buggy-camel-combo-in-agafay-desert-w-authentic-dinner\\\/\",\"name\":\"Sunset Buggy &amp; Camel Combo in Agafay Desert w\\\/ Authentic Dinner - Dunes & Desert\",\"isPartOf\":{\"@id\":\"https:\\\/\\\/dunesdeserts.com\\\/en\\\/#website\"},\"primaryImageOfPage\":{\"@id\":\"https:\\\/\\\/dunesdeserts.com\\\/en\\\/activity\\\/sunset-buggy-camel-combo-in-agafay-desert-w-authentic-dinner\\\/#primaryimage\"},\"image\":{\"@id\":\"https:\\\/\\\/dunesdeserts.com\\\/en\\\/activity\\\/sunset-buggy-camel-combo-in-agafay-desert-w-authentic-dinner\\\/#primaryimage\"},\"thumbnailUrl\":\"https:\\\/\\\/dunesdeserts.com\\\/wp-content\\\/uploads\\\/2024\\\/02\\\/BUGGY-1000cc-PHOTO-PRINCIPALE-PRODUIT.jpg\",\"datePublished\":\"2026-05-08T10:27:25+00:00\",\"dateModified\":\"2026-05-13T10:47:57+00:00\",\"description\":\"A complete adventure awaits you: Sunset Buggy & Camel Combo in Agafay Desert w\\\/ Authentic Dinner, a delicious traditional Moroccan dinner in a tent.\",\"breadcrumb\":{\"@id\":\"https:\\\/\\\/dunesdeserts.com\\\/en\\\/activity\\\/sunset-buggy-camel-combo-in-agafay-desert-w-authentic-dinner\\\/#breadcrumb\"},\"inLanguage\":\"en-US\",\"potentialAction\":[{\"@type\":\"ReadAction\",\"target\":[\"https:\\\/\\\/dunesdeserts.com\\\/en\\\/activity\\\/sunset-buggy-camel-combo-in-agafay-desert-w-authentic-dinner\\\/\"]}]},{\"@type\":\"ImageObject\",\"inLanguage\":\"en-US\",\"@id\":\"https:\\\/\\\/dunesdeserts.com\\\/en\\\/activity\\\/sunset-buggy-camel-combo-in-agafay-desert-w-authentic-dinner\\\/#primaryimage\",\"url\":\"https:\\\/\\\/dunesdeserts.com\\\/wp-content\\\/uploads\\\/2024\\\/02\\\/BUGGY-1000cc-PHOTO-PRINCIPALE-PRODUIT.jpg\",\"contentUrl\":\"https:\\\/\\\/dunesdeserts.com\\\/wp-content\\\/uploads\\\/2024\\\/02\\\/BUGGY-1000cc-PHOTO-PRINCIPALE-PRODUIT.jpg\",\"width\":1450,\"height\":965},{\"@type\":\"BreadcrumbList\",\"@id\":\"https:\\\/\\\/dunesdeserts.com\\\/en\\\/activity\\\/sunset-buggy-camel-combo-in-agafay-desert-w-authentic-dinner\\\/#breadcrumb\",\"itemListElement\":[{\"@type\":\"ListItem\",\"position\":1,\"name\":\"Home\",\"item\":\"https:\\\/\\\/dunesdeserts.com\\\/en\\\/\"},{\"@type\":\"ListItem\",\"position\":2,\"name\":\"Sunset Buggy &amp; Camel Combo in Agafay Desert w\\\/ Authentic Dinner\"}]},{\"@type\":\"WebSite\",\"@id\":\"https:\\\/\\\/dunesdeserts.com\\\/en\\\/#website\",\"url\":\"https:\\\/\\\/dunesdeserts.com\\\/en\\\/\",\"name\":\"Dunes & Desert\",\"description\":\"Designer d&#039;aventures\",\"publisher\":{\"@id\":\"https:\\\/\\\/dunesdeserts.com\\\/en\\\/#organization\"},\"potentialAction\":[{\"@type\":\"SearchAction\",\"target\":{\"@type\":\"EntryPoint\",\"urlTemplate\":\"https:\\\/\\\/dunesdeserts.com\\\/en\\\/?s={search_term_string}\"},\"query-input\":{\"@type\":\"PropertyValueSpecification\",\"valueRequired\":true,\"valueName\":\"search_term_string\"}}],\"inLanguage\":\"en-US\"},{\"@type\":\"Organization\",\"@id\":\"https:\\\/\\\/dunesdeserts.com\\\/en\\\/#organization\",\"name\":\"Dunes & Desert\",\"url\":\"https:\\\/\\\/dunesdeserts.com\\\/en\\\/\",\"logo\":{\"@type\":\"ImageObject\",\"inLanguage\":\"en-US\",\"@id\":\"https:\\\/\\\/dunesdeserts.com\\\/en\\\/#\\\/schema\\\/logo\\\/image\\\/\",\"url\":\"https:\\\/\\\/dunesdeserts.com\\\/wp-content\\\/uploads\\\/2017\\\/12\\\/logo-gris-copy.png\",\"contentUrl\":\"https:\\\/\\\/dunesdeserts.com\\\/wp-content\\\/uploads\\\/2017\\\/12\\\/logo-gris-copy.png\",\"width\":400,\"height\":326,\"caption\":\"Dunes & Desert\"},\"image\":{\"@id\":\"https:\\\/\\\/dunesdeserts.com\\\/en\\\/#\\\/schema\\\/logo\\\/image\\\/\"}}]}<\/script>\n<!-- \/ Yoast SEO plugin. -->","yoast_head_json":{"title":"Sunset Buggy &amp; Camel Combo in Agafay Desert w\/ Authentic Dinner - Dunes & Desert","description":"A complete adventure awaits you: Sunset Buggy & Camel Combo in Agafay Desert w\/ Authentic Dinner, a delicious traditional Moroccan dinner in a tent.","robots":{"index":"index","follow":"follow","max-snippet":"max-snippet:-1","max-image-preview":"max-image-preview:large","max-video-preview":"max-video-preview:-1"},"canonical":"https:\/\/dunesdeserts.com\/en\/activity\/sunset-buggy-camel-combo-in-agafay-desert-w-authentic-dinner\/","og_locale":"en_US","og_type":"article","og_title":"Sunset Buggy &amp; Camel Combo in Agafay Desert w\/ Authentic Dinner - Dunes & Desert","og_description":"A complete adventure awaits you: Sunset Buggy & Camel Combo in Agafay Desert w\/ Authentic Dinner, a delicious traditional Moroccan dinner in a tent.","og_url":"https:\/\/dunesdeserts.com\/en\/activity\/sunset-buggy-camel-combo-in-agafay-desert-w-authentic-dinner\/","og_site_name":"Dunes & Desert","article_modified_time":"2026-05-13T10:47:57+00:00","og_image":[{"width":1450,"height":965,"url":"https:\/\/dunesdeserts.com\/wp-content\/uploads\/2024\/02\/BUGGY-1000cc-PHOTO-PRINCIPALE-PRODUIT.jpg","type":"image\/jpeg"}],"twitter_card":"summary_large_image","twitter_misc":{"Est. reading time":"1 minute"},"schema":{"@context":"https:\/\/schema.org","@graph":[{"@type":"WebPage","@id":"https:\/\/dunesdeserts.com\/en\/activity\/sunset-buggy-camel-combo-in-agafay-desert-w-authentic-dinner\/","url":"https:\/\/dunesdeserts.com\/en\/activity\/sunset-buggy-camel-combo-in-agafay-desert-w-authentic-dinner\/","name":"Sunset Buggy &amp; Camel Combo in Agafay Desert w\/ Authentic Dinner - Dunes & Desert","isPartOf":{"@id":"https:\/\/dunesdeserts.com\/en\/#website"},"primaryImageOfPage":{"@id":"https:\/\/dunesdeserts.com\/en\/activity\/sunset-buggy-camel-combo-in-agafay-desert-w-authentic-dinner\/#primaryimage"},"image":{"@id":"https:\/\/dunesdeserts.com\/en\/activity\/sunset-buggy-camel-combo-in-agafay-desert-w-authentic-dinner\/#primaryimage"},"thumbnailUrl":"https:\/\/dunesdeserts.com\/wp-content\/uploads\/2024\/02\/BUGGY-1000cc-PHOTO-PRINCIPALE-PRODUIT.jpg","datePublished":"2026-05-08T10:27:25+00:00","dateModified":"2026-05-13T10:47:57+00:00","description":"A complete adventure awaits you: Sunset Buggy & Camel Combo in Agafay Desert w\/ Authentic Dinner, a delicious traditional Moroccan dinner in a tent.","breadcrumb":{"@id":"https:\/\/dunesdeserts.com\/en\/activity\/sunset-buggy-camel-combo-in-agafay-desert-w-authentic-dinner\/#breadcrumb"},"inLanguage":"en-US","potentialAction":[{"@type":"ReadAction","target":["https:\/\/dunesdeserts.com\/en\/activity\/sunset-buggy-camel-combo-in-agafay-desert-w-authentic-dinner\/"]}]},{"@type":"ImageObject","inLanguage":"en-US","@id":"https:\/\/dunesdeserts.com\/en\/activity\/sunset-buggy-camel-combo-in-agafay-desert-w-authentic-dinner\/#primaryimage","url":"https:\/\/dunesdeserts.com\/wp-content\/uploads\/2024\/02\/BUGGY-1000cc-PHOTO-PRINCIPALE-PRODUIT.jpg","contentUrl":"https:\/\/dunesdeserts.com\/wp-content\/uploads\/2024\/02\/BUGGY-1000cc-PHOTO-PRINCIPALE-PRODUIT.jpg","width":1450,"height":965},{"@type":"BreadcrumbList","@id":"https:\/\/dunesdeserts.com\/en\/activity\/sunset-buggy-camel-combo-in-agafay-desert-w-authentic-dinner\/#breadcrumb","itemListElement":[{"@type":"ListItem","position":1,"name":"Home","item":"https:\/\/dunesdeserts.com\/en\/"},{"@type":"ListItem","position":2,"name":"Sunset Buggy &amp; Camel Combo in Agafay Desert w\/ Authentic Dinner"}]},{"@type":"WebSite","@id":"https:\/\/dunesdeserts.com\/en\/#website","url":"https:\/\/dunesdeserts.com\/en\/","name":"Dunes & Desert","description":"Designer d&#039;aventures","publisher":{"@id":"https:\/\/dunesdeserts.com\/en\/#organization"},"potentialAction":[{"@type":"SearchAction","target":{"@type":"EntryPoint","urlTemplate":"https:\/\/dunesdeserts.com\/en\/?s={search_term_string}"},"query-input":{"@type":"PropertyValueSpecification","valueRequired":true,"valueName":"search_term_string"}}],"inLanguage":"en-US"},{"@type":"Organization","@id":"https:\/\/dunesdeserts.com\/en\/#organization","name":"Dunes & Desert","url":"https:\/\/dunesdeserts.com\/en\/","logo":{"@type":"ImageObject","inLanguage":"en-US","@id":"https:\/\/dunesdeserts.com\/en\/#\/schema\/logo\/image\/","url":"https:\/\/dunesdeserts.com\/wp-content\/uploads\/2017\/12\/logo-gris-copy.png","contentUrl":"https:\/\/dunesdeserts.com\/wp-content\/uploads\/2017\/12\/logo-gris-copy.png","width":400,"height":326,"caption":"Dunes & Desert"},"image":{"@id":"https:\/\/dunesdeserts.com\/en\/#\/schema\/logo\/image\/"}}]}},"_links":{"self":[{"href":"https:\/\/dunesdeserts.com\/en\/wp-json\/wp\/v2\/product\/19059","targetHints":{"allow":["GET"]}}],"collection":[{"href":"https:\/\/dunesdeserts.com\/en\/wp-json\/wp\/v2\/product"}],"about":[{"href":"https:\/\/dunesdeserts.com\/en\/wp-json\/wp\/v2\/types\/product"}],"replies":[{"embeddable":true,"href":"https:\/\/dunesdeserts.com\/en\/wp-json\/wp\/v2\/comments?post=19059"}],"wp:featuredmedia":[{"embeddable":true,"href":"https:\/\/dunesdeserts.com\/en\/wp-json\/wp\/v2\/media\/14921"}],"wp:attachment":[{"href":"https:\/\/dunesdeserts.com\/en\/wp-json\/wp\/v2\/media?parent=19059"}],"wp:term":[{"taxonomy":"product_brand","embeddable":true,"href":"https:\/\/dunesdeserts.com\/en\/wp-json\/wp\/v2\/product_brand?post=19059"},{"taxonomy":"product_cat","embeddable":true,"href":"https:\/\/dunesdeserts.com\/en\/wp-json\/wp\/v2\/product_cat?post=19059"},{"taxonomy":"product_tag","embeddable":true,"href":"https:\/\/dunesdeserts.com\/en\/wp-json\/wp\/v2\/product_tag?post=19059"}],"curies":[{"name":"wp","href":"https:\/\/api.w.org\/{rel}","templated":true}]}}